{"id":1656,"date":"2025-09-08T09:04:45","date_gmt":"2025-09-08T07:04:45","guid":{"rendered":"https:\/\/wema.adipso.fr\/buchhalterischer-mitarbeiter\/"},"modified":"2026-02-02T09:59:38","modified_gmt":"2026-02-02T08:59:38","slug":"buchhalterischer-mitarbeiter","status":"publish","type":"page","link":"https:\/\/www.wema.fr\/de\/berufe\/buchhalterischer-mitarbeiter\/","title":{"rendered":"Buchhalterischer Mitarbeiter"},"content":{"rendered":"","protected":false},"excerpt":{"rendered":"","protected":false},"author":1,"featured_media":0,"parent":1662,"menu_order":0,"comment_status":"closed","ping_status":"closed","template":"src\/controllers\/models\/flex.php","meta":{"_acf_changed":false,"footnotes":""},"class_list":["post-1656","page","type-page","status-publish","hentry"],"acf":[],"yoast_head":"<!-- This site is optimized with the Yoast SEO plugin v27.5 - https:\/\/yoast.com\/product\/yoast-seo-wordpress\/ -->\n<title>Buchhalterischer Mitarbeiter - WeMa, cabinet d\u2019expertise comptable<\/title>\n<meta name=\"description\" content=\"Erfahren Sie mehr \u00fcber den Beruf des Steuerberaters bei WeMa: Aufgaben, Entwicklung, Ausbildung und Karrierem\u00f6glichkeiten in der ersten unabh\u00e4ngigen Kanzlei im Osten Frankreichs.\" \/>\n<meta name=\"robots\" content=\"index, follow, max-snippet:-1, max-image-preview:large, max-video-preview:-1\" \/>\n<link rel=\"canonical\" href=\"https:\/\/www.wema.fr\/de\/berufe\/buchhalterischer-mitarbeiter\/\" \/>\n<meta property=\"og:locale\" content=\"de_DE\" \/>\n<meta property=\"og:type\" content=\"article\" \/>\n<meta property=\"og:title\" content=\"Buchhalterischer Mitarbeiter - WeMa, cabinet d\u2019expertise comptable\" \/>\n<meta property=\"og:description\" content=\"Erfahren Sie mehr \u00fcber den Beruf des Steuerberaters bei WeMa: Aufgaben, Entwicklung, Ausbildung und Karrierem\u00f6glichkeiten in der ersten unabh\u00e4ngigen Kanzlei im Osten Frankreichs.\" \/>\n<meta property=\"og:url\" content=\"https:\/\/www.wema.fr\/de\/berufe\/buchhalterischer-mitarbeiter\/\" \/>\n<meta property=\"og:site_name\" content=\"WeMa, cabinet d\u2019expertise comptable\" \/>\n<meta property=\"article:modified_time\" content=\"2026-02-02T08:59:38+00:00\" \/>\n<meta name=\"twitter:card\" content=\"summary_large_image\" \/>\n<script type=\"application\/ld+json\" class=\"yoast-schema-graph\">{\"@context\":\"https:\\\/\\\/schema.org\",\"@graph\":[{\"@type\":\"WebPage\",\"@id\":\"https:\\\/\\\/www.wema.fr\\\/de\\\/berufe\\\/buchhalterischer-mitarbeiter\\\/\",\"url\":\"https:\\\/\\\/www.wema.fr\\\/de\\\/berufe\\\/buchhalterischer-mitarbeiter\\\/\",\"name\":\"Buchhalterischer Mitarbeiter - WeMa, cabinet d\u2019expertise comptable\",\"isPartOf\":{\"@id\":\"https:\\\/\\\/www.wema.fr\\\/de\\\/#website\"},\"datePublished\":\"2025-09-08T07:04:45+00:00\",\"dateModified\":\"2026-02-02T08:59:38+00:00\",\"description\":\"Erfahren Sie mehr \u00fcber den Beruf des Steuerberaters bei WeMa: Aufgaben, Entwicklung, Ausbildung und Karrierem\u00f6glichkeiten in der ersten unabh\u00e4ngigen Kanzlei im Osten Frankreichs.\",\"breadcrumb\":{\"@id\":\"https:\\\/\\\/www.wema.fr\\\/de\\\/berufe\\\/buchhalterischer-mitarbeiter\\\/#breadcrumb\"},\"inLanguage\":\"de\",\"potentialAction\":[{\"@type\":\"ReadAction\",\"target\":[\"https:\\\/\\\/www.wema.fr\\\/de\\\/berufe\\\/buchhalterischer-mitarbeiter\\\/\"]}]},{\"@type\":\"BreadcrumbList\",\"@id\":\"https:\\\/\\\/www.wema.fr\\\/de\\\/berufe\\\/buchhalterischer-mitarbeiter\\\/#breadcrumb\",\"itemListElement\":[{\"@type\":\"ListItem\",\"position\":1,\"name\":\"Startseite\",\"item\":\"https:\\\/\\\/www.wema.fr\\\/de\\\/startseite\\\/\"},{\"@type\":\"ListItem\",\"position\":2,\"name\":\"Berufe\",\"item\":\"https:\\\/\\\/www.wema.fr\\\/de\\\/berufe\\\/\"},{\"@type\":\"ListItem\",\"position\":3,\"name\":\"Buchhalterischer Mitarbeiter\"}]},{\"@type\":\"WebSite\",\"@id\":\"https:\\\/\\\/www.wema.fr\\\/de\\\/#website\",\"url\":\"https:\\\/\\\/www.wema.fr\\\/de\\\/\",\"name\":\"WeMa, cabinet d\u2019expertise comptable\",\"description\":\"Entrepreneur spirit\",\"potentialAction\":[{\"@type\":\"SearchAction\",\"target\":{\"@type\":\"EntryPoint\",\"urlTemplate\":\"https:\\\/\\\/www.wema.fr\\\/de\\\/?s={search_term_string}\"},\"query-input\":{\"@type\":\"PropertyValueSpecification\",\"valueRequired\":true,\"valueName\":\"search_term_string\"}}],\"inLanguage\":\"de\"}]}<\/script>\n<!-- \/ Yoast SEO plugin. -->","yoast_head_json":{"title":"Buchhalterischer Mitarbeiter - WeMa, cabinet d\u2019expertise comptable","description":"Erfahren Sie mehr \u00fcber den Beruf des Steuerberaters bei WeMa: Aufgaben, Entwicklung, Ausbildung und Karrierem\u00f6glichkeiten in der ersten unabh\u00e4ngigen Kanzlei im Osten Frankreichs.","robots":{"index":"index","follow":"follow","max-snippet":"max-snippet:-1","max-image-preview":"max-image-preview:large","max-video-preview":"max-video-preview:-1"},"canonical":"https:\/\/www.wema.fr\/de\/berufe\/buchhalterischer-mitarbeiter\/","og_locale":"de_DE","og_type":"article","og_title":"Buchhalterischer Mitarbeiter - WeMa, cabinet d\u2019expertise comptable","og_description":"Erfahren Sie mehr \u00fcber den Beruf des Steuerberaters bei WeMa: Aufgaben, Entwicklung, Ausbildung und Karrierem\u00f6glichkeiten in der ersten unabh\u00e4ngigen Kanzlei im Osten Frankreichs.","og_url":"https:\/\/www.wema.fr\/de\/berufe\/buchhalterischer-mitarbeiter\/","og_site_name":"WeMa, cabinet d\u2019expertise comptable","article_modified_time":"2026-02-02T08:59:38+00:00","twitter_card":"summary_large_image","schema":{"@context":"https:\/\/schema.org","@graph":[{"@type":"WebPage","@id":"https:\/\/www.wema.fr\/de\/berufe\/buchhalterischer-mitarbeiter\/","url":"https:\/\/www.wema.fr\/de\/berufe\/buchhalterischer-mitarbeiter\/","name":"Buchhalterischer Mitarbeiter - WeMa, cabinet d\u2019expertise comptable","isPartOf":{"@id":"https:\/\/www.wema.fr\/de\/#website"},"datePublished":"2025-09-08T07:04:45+00:00","dateModified":"2026-02-02T08:59:38+00:00","description":"Erfahren Sie mehr \u00fcber den Beruf des Steuerberaters bei WeMa: Aufgaben, Entwicklung, Ausbildung und Karrierem\u00f6glichkeiten in der ersten unabh\u00e4ngigen Kanzlei im Osten Frankreichs.","breadcrumb":{"@id":"https:\/\/www.wema.fr\/de\/berufe\/buchhalterischer-mitarbeiter\/#breadcrumb"},"inLanguage":"de","potentialAction":[{"@type":"ReadAction","target":["https:\/\/www.wema.fr\/de\/berufe\/buchhalterischer-mitarbeiter\/"]}]},{"@type":"BreadcrumbList","@id":"https:\/\/www.wema.fr\/de\/berufe\/buchhalterischer-mitarbeiter\/#breadcrumb","itemListElement":[{"@type":"ListItem","position":1,"name":"Startseite","item":"https:\/\/www.wema.fr\/de\/startseite\/"},{"@type":"ListItem","position":2,"name":"Berufe","item":"https:\/\/www.wema.fr\/de\/berufe\/"},{"@type":"ListItem","position":3,"name":"Buchhalterischer Mitarbeiter"}]},{"@type":"WebSite","@id":"https:\/\/www.wema.fr\/de\/#website","url":"https:\/\/www.wema.fr\/de\/","name":"WeMa, cabinet d\u2019expertise comptable","description":"Entrepreneur spirit","potentialAction":[{"@type":"SearchAction","target":{"@type":"EntryPoint","urlTemplate":"https:\/\/www.wema.fr\/de\/?s={search_term_string}"},"query-input":{"@type":"PropertyValueSpecification","valueRequired":true,"valueName":"search_term_string"}}],"inLanguage":"de"}]}},"_links":{"self":[{"href":"https:\/\/www.wema.fr\/de\/wp-json\/wp\/v2\/pages\/1656","targetHints":{"allow":["GET"]}}],"collection":[{"href":"https:\/\/www.wema.fr\/de\/wp-json\/wp\/v2\/pages"}],"about":[{"href":"https:\/\/www.wema.fr\/de\/wp-json\/wp\/v2\/types\/page"}],"author":[{"embeddable":true,"href":"https:\/\/www.wema.fr\/de\/wp-json\/wp\/v2\/users\/1"}],"replies":[{"embeddable":true,"href":"https:\/\/www.wema.fr\/de\/wp-json\/wp\/v2\/comments?post=1656"}],"version-history":[{"count":1,"href":"https:\/\/www.wema.fr\/de\/wp-json\/wp\/v2\/pages\/1656\/revisions"}],"predecessor-version":[{"id":1664,"href":"https:\/\/www.wema.fr\/de\/wp-json\/wp\/v2\/pages\/1656\/revisions\/1664"}],"up":[{"embeddable":true,"href":"https:\/\/www.wema.fr\/de\/wp-json\/wp\/v2\/pages\/1662"}],"wp:attachment":[{"href":"https:\/\/www.wema.fr\/de\/wp-json\/wp\/v2\/media?parent=1656"}],"curies":[{"name":"wp","href":"https:\/\/api.w.org\/{rel}","templated":true}]}}