{"id":1674,"date":"2025-09-08T09:50:36","date_gmt":"2025-09-08T07:50:36","guid":{"rendered":"https:\/\/wema.adipso.fr\/sitemap\/"},"modified":"2025-09-08T09:50:36","modified_gmt":"2025-09-08T07:50:36","slug":"sitemap","status":"publish","type":"page","link":"https:\/\/www.wema.fr\/de\/sitemap\/","title":{"rendered":"Sitemap"},"content":{"rendered":"<div class=\"wsp-container\"><h2 class=\"wsp-pages-title\">Seiten<\/h2>\n<ul class=\"wsp-pages-list\">\n<li class=\"page_item page-item-1662 page_item_has_children\"><a href=\"https:\/\/www.wema.fr\/de\/berufe\/\">Berufe<\/a>\n<ul class='children'>\n\t<li class=\"page_item page-item-1750\"><a href=\"https:\/\/www.wema.fr\/de\/berufe\/auditor\/\">Auditor<\/a><\/li>\n\t<li class=\"page_item page-item-1656\"><a href=\"https:\/\/www.wema.fr\/de\/berufe\/buchhalterischer-mitarbeiter\/\">Buchhalterischer Mitarbeiter<\/a><\/li>\n\t<li class=\"page_item page-item-1677\"><a href=\"https:\/\/www.wema.fr\/de\/berufe\/data-analyst\/\">Data Analyst<\/a><\/li>\n\t<li class=\"page_item page-item-1724\"><a href=\"https:\/\/www.wema.fr\/de\/berufe\/jurist-fuer-sozialrecht\/\">Jurist f\u00fcr Sozialrecht<\/a><\/li>\n\t<li class=\"page_item page-item-1719\"><a href=\"https:\/\/www.wema.fr\/de\/berufe\/jurist-fuer-wirtschaftsrecht\/\">Jurist f\u00fcr Wirtschaftsrecht<\/a><\/li>\n\t<li class=\"page_item page-item-1754\"><a href=\"https:\/\/www.wema.fr\/de\/berufe\/leiter-der-mission\/\">Leiter der Mission<\/a><\/li>\n\t<li class=\"page_item page-item-1675\"><a href=\"https:\/\/www.wema.fr\/de\/berufe\/ma-berater\/\">M&amp;A-Berater<\/a><\/li>\n\t<li class=\"page_item page-item-1721\"><a href=\"https:\/\/www.wema.fr\/de\/berufe\/missionsdirektor\/\">Missionsdirektor<\/a><\/li>\n\t<li class=\"page_item page-item-1679\"><a href=\"https:\/\/www.wema.fr\/de\/berufe\/payroll-manager\/\">Payroll Manager<\/a><\/li>\n\t<li class=\"page_item page-item-1670\"><a href=\"https:\/\/www.wema.fr\/de\/berufe\/rechnungspruefer\/\">Rechnungspr\u00fcfer<\/a><\/li>\n\t<li class=\"page_item page-item-1716\"><a href=\"https:\/\/www.wema.fr\/de\/berufe\/rechtsanwalt-fuer-gesellschaftsrecht\/\">Rechtsanwalt f\u00fcr Gesellschaftsrecht<\/a><\/li>\n\t<li class=\"page_item page-item-1654\"><a href=\"https:\/\/www.wema.fr\/de\/berufe\/rechtsanwalt-fuer-sozialrecht\/\">Rechtsanwalt f\u00fcr Sozialrecht<\/a><\/li>\n\t<li class=\"page_item page-item-1770\"><a href=\"https:\/\/www.wema.fr\/de\/berufe\/rechtsanwalt-fuer-steuerrecht\/\">Rechtsanwalt f\u00fcr Steuerrecht<\/a><\/li>\n\t<li class=\"page_item page-item-1684\"><a href=\"https:\/\/www.wema.fr\/de\/berufe\/vermoegensverwalter\/\">Verm\u00f6gensverwalter<\/a><\/li>\n\t<li class=\"page_item page-item-1748\"><a href=\"https:\/\/www.wema.fr\/de\/berufe\/wirtschaftspruefer\/\">Wirtschaftspr\u00fcfer<\/a><\/li>\n<\/ul>\n<\/li>\n<li class=\"page_item page-item-1682\"><a href=\"https:\/\/www.wema.fr\/de\/datenschutzrichtlinie\/\">Datenschutzrichtlinie<\/a><\/li>\n<li class=\"page_item page-item-1726\"><a href=\"https:\/\/www.wema.fr\/de\/faq\/\">FAQ<\/a><\/li>\n<li class=\"page_item page-item-1671\"><a href=\"https:\/\/www.wema.fr\/de\/kontakt\/\">Kontakt<\/a><\/li>\n<li class=\"page_item page-item-1709\"><a href=\"https:\/\/www.wema.fr\/de\/lassen-sie-ihre-talente-wachsen\/\">Lassen Sie Ihre Talente wachsen<\/a><\/li>\n<li class=\"page_item page-item-1723\"><a href=\"https:\/\/www.wema.fr\/de\/lexikon\/\">Lexikon<\/a><\/li>\n<li class=\"page_item page-item-1660\"><a href=\"https:\/\/www.wema.fr\/de\/rechtliche-hinweise\/\">Rechtliche Hinweise<\/a><\/li>\n<li class=\"page_item page-item-1674\"><a href=\"https:\/\/www.wema.fr\/de\/sitemap\/\">Sitemap<\/a><\/li>\n<li class=\"page_item page-item-1769\"><a href=\"https:\/\/www.wema.fr\/de\/\">Startseite<\/a><\/li>\n<li class=\"page_item page-item-1658\"><a href=\"https:\/\/www.wema.fr\/de\/wema-im-dienste-von-unternehmern\/\">WeMa, im Dienste von Unternehmern<\/a><\/li>\n<\/ul>\n<h2 class=\"wsp-actualitess-title\">Nachrichten<\/h2>\n<ul class=\"wsp-actualitess-list\">\n<li><a href=\"https:\/\/www.wema.fr\/de\/nachrichten\/conges-payes-attention-aux-regles-a-respecter\/\">Bezahlter Urlaub: Beachten Sie die Regeln, die Sie einhalten m\u00fcssen!<\/a><\/li>\n<li><a href=\"https:\/\/www.wema.fr\/de\/nachrichten\/ma-dans-lest-de-la-france-perspectives-2026-pour-les-transmissions-dentreprise\/\">M&amp;A in Ostfrankreich: Aussichten f\u00fcr Unternehmens\u00fcbertragungen 2026<\/a><\/li>\n<li><a href=\"https:\/\/www.wema.fr\/de\/nachrichten\/wirtschaftspruefung-und-beratung-im-jahr-2026-trends-herausforderungen-und-massgeschneiderte-unterstuetzung\/\">Wirtschaftspr\u00fcfung und -beratung im Jahr 2026: Trends, Herausforderungen und ma\u00dfgeschneiderte Unterst\u00fctzung<\/a><\/li>\n<li><a href=\"https:\/\/www.wema.fr\/de\/nachrichten\/zwischen-reformen-und-compliance-die-rechtlichen-herausforderungen-fuer-unternehmen-im-jahr-2026\/\">Zwischen Reformen und Compliance: Die rechtlichen Herausforderungen f\u00fcr Unternehmen im Jahr 2026<\/a><\/li>\n<li><a href=\"https:\/\/www.wema.fr\/de\/nachrichten\/neue-steuer-2025-der-differenzbeitrag-fuer-hohe-einkommen-cdhr\/\">Neue Steuer 2025: Der Differenzbeitrag f\u00fcr hohe Einkommen (CDHR)<\/a><\/li>\n<li><a href=\"https:\/\/www.wema.fr\/de\/nachrichten\/wort-des-praesidenten\/\">Das Wort des Pr\u00e4sidenten<\/a><\/li>\n<\/ul>\n<h2 class=\"wsp-cabinetss-title\">Kabinette<\/h2>\n<ul class=\"wsp-cabinetss-list\">\n<li><a href=\"https:\/\/www.wema.fr\/de\/kanzleien\/strassburg\/\">Stra\u00dfburg<\/a><\/li>\n<li><a href=\"https:\/\/www.wema.fr\/de\/kanzleien\/bartenheim\/\">Bartenheim<\/a><\/li>\n<li><a href=\"https:\/\/www.wema.fr\/de\/kanzleien\/baumes-les-dames\/\">Baumes-les-Dames<\/a><\/li>\n<li><a href=\"https:\/\/www.wema.fr\/de\/kanzleien\/besancon\/\">Besan\u00e7on<\/a><\/li>\n<li><a href=\"https:\/\/www.wema.fr\/de\/kanzleien\/colmar\/\">Colmar<\/a><\/li>\n<li><a href=\"https:\/\/www.wema.fr\/de\/kanzleien\/creutzwald\/\">Creutzwald<\/a><\/li>\n<li><a href=\"https:\/\/www.wema.fr\/de\/kanzleien\/dijon\/\">Dijon<\/a><\/li>\n<li><a href=\"https:\/\/www.wema.fr\/de\/kanzleien\/entzheim\/\">Entzheim<\/a><\/li>\n<li><a href=\"https:\/\/www.wema.fr\/de\/kanzleien\/montbeliard\/\">Montb\u00e9liard<\/a><\/li>\n<li><a href=\"https:\/\/www.wema.fr\/de\/kanzleien\/morsbach\/\">Morsbach<\/a><\/li>\n<li><a href=\"https:\/\/www.wema.fr\/de\/kanzleien\/moulins-les-metz\/\">Moulins-l\u00e8s-Metz<\/a><\/li>\n<li><a href=\"https:\/\/www.wema.fr\/de\/kanzleien\/mulhouse\/\">Mulhouse<\/a><\/li>\n<li><a href=\"https:\/\/www.wema.fr\/de\/kanzleien\/obernai\/\">Obernai<\/a><\/li>\n<li><a href=\"https:\/\/www.wema.fr\/de\/kanzleien\/ornans\/\">Ornans<\/a><\/li>\n<li><a href=\"https:\/\/www.wema.fr\/de\/kanzleien\/paris\/\">Paris<\/a><\/li>\n<li><a href=\"https:\/\/www.wema.fr\/de\/kanzleien\/pontarlier\/\">Pontarlier<\/a><\/li>\n<li><a href=\"https:\/\/www.wema.fr\/de\/kanzleien\/saint-avold\/\">Saint-Avold<\/a><\/li>\n<li><a href=\"https:\/\/www.wema.fr\/de\/kanzleien\/sarreguemines\/\">Sarreguemines<\/a><\/li>\n<li><a href=\"https:\/\/www.wema.fr\/de\/kanzleien\/sarre-union\/\">Sarre-Union<\/a><\/li>\n<li><a href=\"https:\/\/www.wema.fr\/de\/kanzleien\/saverne\/\">Saverne<\/a><\/li>\n<li><a href=\"https:\/\/www.wema.fr\/de\/kanzleien\/valdahon\/\">Valdahon<\/a><\/li>\n<\/ul>\n<h2 class=\"wsp-pole-de-competences-title\">Kompetenzzentren<\/h2>\n<ul class=\"wsp-pole-de-competences-list\">\n<li><a href=\"https:\/\/www.wema.fr\/de\/kompetenzzentren\/lohnbuchhaltung-und-sozialberatung\/\">Lohnbuchhaltung &amp; Sozialberatung<\/a><\/li>\n<li><a href=\"https:\/\/www.wema.fr\/de\/kompetenzzentren\/wirtschaftspruefung-und-buchhaltung\/\">Wirtschaftspr\u00fcfung und Buchhaltung<\/a><\/li>\n<li><a href=\"https:\/\/www.wema.fr\/de\/kompetenzzentren\/corporate-finance-ma\/\">Corporate Finance &amp; M&amp;A<\/a><\/li>\n<li><a href=\"https:\/\/www.wema.fr\/de\/kompetenzzentren\/csr-gesellschaftliche-verantwortung-von-unternehmen\/\">CSR - Gesellschaftliche Verantwortung von Unternehmen<\/a><\/li>\n<li><a href=\"https:\/\/www.wema.fr\/de\/kompetenzzentren\/wirtschaftspruefung-beratung\/\">Wirtschaftspr\u00fcfung &amp; Beratung<\/a><\/li>\n<li><a href=\"https:\/\/www.wema.fr\/de\/kompetenzzentren\/wema-legal-anwaltskanzlei\/\">WeMa Legal - Anwaltskanzlei<\/a><\/li>\n<li><a href=\"https:\/\/www.wema.fr\/de\/kompetenzzentren\/ingenieurwesen-fuer-den-schutz-des-kulturerbes\/\">Verm\u00f6gens-Engineering<\/a><\/li>\n<li><a href=\"https:\/\/www.wema.fr\/de\/kompetenzzentren\/international\/\">International<\/a><\/li>\n<li><a href=\"https:\/\/www.wema.fr\/de\/kompetenzzentren\/ingenieurwesen-des-sozialschutzes\/\">Ingenieurwesen des Sozialschutzes<\/a><\/li>\n<li><a href=\"https:\/\/www.wema.fr\/de\/kompetenzzentren\/rechtlich\/\">Rechtlich<\/a><\/li>\n<li><a href=\"https:\/\/www.wema.fr\/de\/kompetenzzentren\/beratung-von-privatpersonen\/\">Beratung von Privatpersonen<\/a><\/li>\n<li><a href=\"https:\/\/www.wema.fr\/de\/kompetenzzentren\/unterstuetzung-der-finanzabteilungen\/\">Unterst\u00fctzung der Finanzabteilungen<\/a><\/li>\n<\/ul>\n<h2 class=\"wsp-secteur-dactivitess-title\">Wirtschaftssektoren<\/h2>\n<ul class=\"wsp-secteur-dactivitess-list\">\n<li><a href=\"https:\/\/www.wema.fr\/de\/geschaftsfeld\/immobilienaktivitaeten\/\">Immobilienaktivit\u00e4ten<\/a><\/li>\n<li><a href=\"https:\/\/www.wema.fr\/de\/geschaftsfeld\/taxi\/\">Taxi<\/a><\/li>\n<li><a href=\"https:\/\/www.wema.fr\/de\/geschaftsfeld\/persoenlicher-service\/\">Pers\u00f6nlicher Service<\/a><\/li>\n<li><a href=\"https:\/\/www.wema.fr\/de\/geschaftsfeld\/franchise-netzwerk\/\">Franchise-Netzwerk<\/a><\/li>\n<li><a href=\"https:\/\/www.wema.fr\/de\/geschaftsfeld\/freie-berufe\/\">Freie Berufe<\/a><\/li>\n<li><a href=\"https:\/\/www.wema.fr\/de\/geschaftsfeld\/industrie\/\">Industrie<\/a><\/li>\n<li><a href=\"https:\/\/www.wema.fr\/de\/geschaftsfeld\/holding\/\">Holding<\/a><\/li>\n<li><a href=\"https:\/\/www.wema.fr\/de\/geschaftsfeld\/geschaefte-in-der-naehe\/\">Gesch\u00e4fte in der N\u00e4he<\/a><\/li>\n<li><a href=\"https:\/\/www.wema.fr\/de\/geschaftsfeld\/tabakladen\/\">Tabakladen<\/a><\/li>\n<li><a href=\"https:\/\/www.wema.fr\/de\/geschaftsfeld\/versicherungen\/\">Versicherungen<\/a><\/li>\n<li><a href=\"https:\/\/www.wema.fr\/de\/geschaftsfeld\/kunsthandwerk\/\">Kunsthandwerk<\/a><\/li>\n<li><a href=\"https:\/\/www.wema.fr\/de\/geschaftsfeld\/medizinische-aktivitaeten\/\">Medizinische Aktivit\u00e4ten<\/a><\/li>\n<li><a href=\"https:\/\/www.wema.fr\/de\/geschaftsfeld\/landwirtschaft\/\">Landwirtschaft<\/a><\/li>\n<li><a href=\"https:\/\/www.wema.fr\/de\/geschaftsfeld\/kunst-und-unterhaltung\/\">Kunst und Unterhaltung<\/a><\/li>\n<li><a href=\"https:\/\/www.wema.fr\/de\/geschaftsfeld\/btp\/\">BTP<\/a><\/li>\n<li><a href=\"https:\/\/www.wema.fr\/de\/geschaftsfeld\/chr-cafes-hotels-restaurants\/\">CHR (Caf\u00e9s, Hotels, Restaurants)<\/a><\/li>\n<li><a href=\"https:\/\/www.wema.fr\/de\/geschaftsfeld\/grosser-einzelhandel\/\">Gro\u00dfer Einzelhandel<\/a><\/li>\n<li><a href=\"https:\/\/www.wema.fr\/de\/geschaftsfeld\/apotheke\/\">Apotheke<\/a><\/li>\n<li><a href=\"https:\/\/www.wema.fr\/de\/geschaftsfeld\/kleine-und-mittlere-unternehmen\/\">Kleine und mittlere Unternehmen<\/a><\/li>\n<\/ul>\n<\/div>\n","protected":false},"excerpt":{"rendered":"","protected":false},"author":1,"featured_media":0,"parent":0,"menu_order":0,"comment_status":"closed","ping_status":"closed","template":"","meta":{"_acf_changed":false,"footnotes":""},"class_list":["post-1674","page","type-page","status-publish","hentry"],"acf":[],"yoast_head":"<!-- This site is optimized with the Yoast SEO plugin v27.5 - https:\/\/yoast.com\/product\/yoast-seo-wordpress\/ -->\n<title>Sitemap - WeMa, cabinet d\u2019expertise comptable<\/title>\n<meta name=\"robots\" content=\"index, follow, max-snippet:-1, max-image-preview:large, max-video-preview:-1\" \/>\n<link rel=\"canonical\" href=\"https:\/\/www.wema.fr\/de\/sitemap\/\" \/>\n<meta property=\"og:locale\" content=\"de_DE\" \/>\n<meta property=\"og:type\" content=\"article\" \/>\n<meta property=\"og:title\" content=\"Sitemap - WeMa, cabinet d\u2019expertise comptable\" \/>\n<meta property=\"og:url\" content=\"https:\/\/www.wema.fr\/de\/sitemap\/\" \/>\n<meta property=\"og:site_name\" content=\"WeMa, cabinet d\u2019expertise comptable\" \/>\n<meta name=\"twitter:card\" content=\"summary_large_image\" \/>\n<script type=\"application\/ld+json\" class=\"yoast-schema-graph\">{\"@context\":\"https:\\\/\\\/schema.org\",\"@graph\":[{\"@type\":\"WebPage\",\"@id\":\"https:\\\/\\\/www.wema.fr\\\/de\\\/sitemap\\\/\",\"url\":\"https:\\\/\\\/www.wema.fr\\\/de\\\/sitemap\\\/\",\"name\":\"Sitemap - WeMa, cabinet d\u2019expertise comptable\",\"isPartOf\":{\"@id\":\"https:\\\/\\\/www.wema.fr\\\/de\\\/#website\"},\"datePublished\":\"2025-09-08T07:50:36+00:00\",\"breadcrumb\":{\"@id\":\"https:\\\/\\\/www.wema.fr\\\/de\\\/sitemap\\\/#breadcrumb\"},\"inLanguage\":\"de\",\"potentialAction\":[{\"@type\":\"ReadAction\",\"target\":[\"https:\\\/\\\/www.wema.fr\\\/de\\\/sitemap\\\/\"]}]},{\"@type\":\"BreadcrumbList\",\"@id\":\"https:\\\/\\\/www.wema.fr\\\/de\\\/sitemap\\\/#breadcrumb\",\"itemListElement\":[{\"@type\":\"ListItem\",\"position\":1,\"name\":\"Startseite\",\"item\":\"https:\\\/\\\/www.wema.fr\\\/de\\\/startseite\\\/\"},{\"@type\":\"ListItem\",\"position\":2,\"name\":\"Sitemap\"}]},{\"@type\":\"WebSite\",\"@id\":\"https:\\\/\\\/www.wema.fr\\\/de\\\/#website\",\"url\":\"https:\\\/\\\/www.wema.fr\\\/de\\\/\",\"name\":\"WeMa, cabinet d\u2019expertise comptable\",\"description\":\"Entrepreneur spirit\",\"potentialAction\":[{\"@type\":\"SearchAction\",\"target\":{\"@type\":\"EntryPoint\",\"urlTemplate\":\"https:\\\/\\\/www.wema.fr\\\/de\\\/?s={search_term_string}\"},\"query-input\":{\"@type\":\"PropertyValueSpecification\",\"valueRequired\":true,\"valueName\":\"search_term_string\"}}],\"inLanguage\":\"de\"}]}<\/script>\n<!-- \/ Yoast SEO plugin. -->","yoast_head_json":{"title":"Sitemap - WeMa, cabinet d\u2019expertise comptable","robots":{"index":"index","follow":"follow","max-snippet":"max-snippet:-1","max-image-preview":"max-image-preview:large","max-video-preview":"max-video-preview:-1"},"canonical":"https:\/\/www.wema.fr\/de\/sitemap\/","og_locale":"de_DE","og_type":"article","og_title":"Sitemap - WeMa, cabinet d\u2019expertise comptable","og_url":"https:\/\/www.wema.fr\/de\/sitemap\/","og_site_name":"WeMa, cabinet d\u2019expertise comptable","twitter_card":"summary_large_image","schema":{"@context":"https:\/\/schema.org","@graph":[{"@type":"WebPage","@id":"https:\/\/www.wema.fr\/de\/sitemap\/","url":"https:\/\/www.wema.fr\/de\/sitemap\/","name":"Sitemap - WeMa, cabinet d\u2019expertise comptable","isPartOf":{"@id":"https:\/\/www.wema.fr\/de\/#website"},"datePublished":"2025-09-08T07:50:36+00:00","breadcrumb":{"@id":"https:\/\/www.wema.fr\/de\/sitemap\/#breadcrumb"},"inLanguage":"de","potentialAction":[{"@type":"ReadAction","target":["https:\/\/www.wema.fr\/de\/sitemap\/"]}]},{"@type":"BreadcrumbList","@id":"https:\/\/www.wema.fr\/de\/sitemap\/#breadcrumb","itemListElement":[{"@type":"ListItem","position":1,"name":"Startseite","item":"https:\/\/www.wema.fr\/de\/startseite\/"},{"@type":"ListItem","position":2,"name":"Sitemap"}]},{"@type":"WebSite","@id":"https:\/\/www.wema.fr\/de\/#website","url":"https:\/\/www.wema.fr\/de\/","name":"WeMa, cabinet d\u2019expertise comptable","description":"Entrepreneur spirit","potentialAction":[{"@type":"SearchAction","target":{"@type":"EntryPoint","urlTemplate":"https:\/\/www.wema.fr\/de\/?s={search_term_string}"},"query-input":{"@type":"PropertyValueSpecification","valueRequired":true,"valueName":"search_term_string"}}],"inLanguage":"de"}]}},"_links":{"self":[{"href":"https:\/\/www.wema.fr\/de\/wp-json\/wp\/v2\/pages\/1674","targetHints":{"allow":["GET"]}}],"collection":[{"href":"https:\/\/www.wema.fr\/de\/wp-json\/wp\/v2\/pages"}],"about":[{"href":"https:\/\/www.wema.fr\/de\/wp-json\/wp\/v2\/types\/page"}],"author":[{"embeddable":true,"href":"https:\/\/www.wema.fr\/de\/wp-json\/wp\/v2\/users\/1"}],"replies":[{"embeddable":true,"href":"https:\/\/www.wema.fr\/de\/wp-json\/wp\/v2\/comments?post=1674"}],"version-history":[{"count":0,"href":"https:\/\/www.wema.fr\/de\/wp-json\/wp\/v2\/pages\/1674\/revisions"}],"wp:attachment":[{"href":"https:\/\/www.wema.fr\/de\/wp-json\/wp\/v2\/media?parent=1674"}],"curies":[{"name":"wp","href":"https:\/\/api.w.org\/{rel}","templated":true}]}}