{"id":1675,"date":"2025-09-23T17:25:11","date_gmt":"2025-09-23T15:25:11","guid":{"rendered":"https:\/\/wema.adipso.fr\/berufe\/ma-berater\/"},"modified":"2025-09-23T17:25:11","modified_gmt":"2025-09-23T15:25:11","slug":"ma-berater","status":"publish","type":"page","link":"https:\/\/www.wema.fr\/de\/berufe\/ma-berater\/","title":{"rendered":"M&amp;A-Berater"},"content":{"rendered":"","protected":false},"excerpt":{"rendered":"","protected":false},"author":4,"featured_media":0,"parent":1662,"menu_order":0,"comment_status":"closed","ping_status":"closed","template":"src\/controllers\/models\/flex.php","meta":{"_acf_changed":false,"footnotes":""},"class_list":["post-1675","page","type-page","status-publish","hentry"],"acf":[],"yoast_head":"<!-- This site is optimized with the Yoast SEO plugin v27.5 - https:\/\/yoast.com\/product\/yoast-seo-wordpress\/ -->\n<title>M&amp;A-Berater - WeMa, cabinet d\u2019expertise comptable<\/title>\n<meta name=\"description\" content=\"Entdecken Sie den Beruf des M&amp;A-Beraters bei WeMa: Aufgaben, Kompetenzen und Karriereentwicklung in einer unabh\u00e4ngigen Beratungsfirma f\u00fcr Fusionen und \u00dcbernahmen und Corporate Finance.\" \/>\n<meta name=\"robots\" content=\"index, follow, max-snippet:-1, max-image-preview:large, max-video-preview:-1\" \/>\n<link rel=\"canonical\" href=\"https:\/\/www.wema.fr\/de\/berufe\/ma-berater\/\" \/>\n<meta property=\"og:locale\" content=\"de_DE\" \/>\n<meta property=\"og:type\" content=\"article\" \/>\n<meta property=\"og:title\" content=\"M&amp;A-Berater - WeMa, cabinet d\u2019expertise comptable\" \/>\n<meta property=\"og:description\" content=\"Entdecken Sie den Beruf des M&amp;A-Beraters bei WeMa: Aufgaben, Kompetenzen und Karriereentwicklung in einer unabh\u00e4ngigen Beratungsfirma f\u00fcr Fusionen und \u00dcbernahmen und Corporate Finance.\" \/>\n<meta property=\"og:url\" content=\"https:\/\/www.wema.fr\/de\/berufe\/ma-berater\/\" \/>\n<meta property=\"og:site_name\" content=\"WeMa, cabinet d\u2019expertise comptable\" \/>\n<meta name=\"twitter:card\" content=\"summary_large_image\" \/>\n<script type=\"application\/ld+json\" class=\"yoast-schema-graph\">{\"@context\":\"https:\\\/\\\/schema.org\",\"@graph\":[{\"@type\":\"WebPage\",\"@id\":\"https:\\\/\\\/www.wema.fr\\\/de\\\/berufe\\\/ma-berater\\\/\",\"url\":\"https:\\\/\\\/www.wema.fr\\\/de\\\/berufe\\\/ma-berater\\\/\",\"name\":\"M&amp;A-Berater - WeMa, cabinet d\u2019expertise comptable\",\"isPartOf\":{\"@id\":\"https:\\\/\\\/www.wema.fr\\\/de\\\/#website\"},\"datePublished\":\"2025-09-23T15:25:11+00:00\",\"description\":\"Entdecken Sie den Beruf des M&A-Beraters bei WeMa: Aufgaben, Kompetenzen und Karriereentwicklung in einer unabh\u00e4ngigen Beratungsfirma f\u00fcr Fusionen und \u00dcbernahmen und Corporate Finance.\",\"breadcrumb\":{\"@id\":\"https:\\\/\\\/www.wema.fr\\\/de\\\/berufe\\\/ma-berater\\\/#breadcrumb\"},\"inLanguage\":\"de\",\"potentialAction\":[{\"@type\":\"ReadAction\",\"target\":[\"https:\\\/\\\/www.wema.fr\\\/de\\\/berufe\\\/ma-berater\\\/\"]}]},{\"@type\":\"BreadcrumbList\",\"@id\":\"https:\\\/\\\/www.wema.fr\\\/de\\\/berufe\\\/ma-berater\\\/#breadcrumb\",\"itemListElement\":[{\"@type\":\"ListItem\",\"position\":1,\"name\":\"Startseite\",\"item\":\"https:\\\/\\\/www.wema.fr\\\/de\\\/startseite\\\/\"},{\"@type\":\"ListItem\",\"position\":2,\"name\":\"Berufe\",\"item\":\"https:\\\/\\\/www.wema.fr\\\/de\\\/berufe\\\/\"},{\"@type\":\"ListItem\",\"position\":3,\"name\":\"M&amp;A-Berater\"}]},{\"@type\":\"WebSite\",\"@id\":\"https:\\\/\\\/www.wema.fr\\\/de\\\/#website\",\"url\":\"https:\\\/\\\/www.wema.fr\\\/de\\\/\",\"name\":\"WeMa, cabinet d\u2019expertise comptable\",\"description\":\"Entrepreneur spirit\",\"potentialAction\":[{\"@type\":\"SearchAction\",\"target\":{\"@type\":\"EntryPoint\",\"urlTemplate\":\"https:\\\/\\\/www.wema.fr\\\/de\\\/?s={search_term_string}\"},\"query-input\":{\"@type\":\"PropertyValueSpecification\",\"valueRequired\":true,\"valueName\":\"search_term_string\"}}],\"inLanguage\":\"de\"}]}<\/script>\n<!-- \/ Yoast SEO plugin. -->","yoast_head_json":{"title":"M&amp;A-Berater - WeMa, cabinet d\u2019expertise comptable","description":"Entdecken Sie den Beruf des M&A-Beraters bei WeMa: Aufgaben, Kompetenzen und Karriereentwicklung in einer unabh\u00e4ngigen Beratungsfirma f\u00fcr Fusionen und \u00dcbernahmen und Corporate Finance.","robots":{"index":"index","follow":"follow","max-snippet":"max-snippet:-1","max-image-preview":"max-image-preview:large","max-video-preview":"max-video-preview:-1"},"canonical":"https:\/\/www.wema.fr\/de\/berufe\/ma-berater\/","og_locale":"de_DE","og_type":"article","og_title":"M&amp;A-Berater - WeMa, cabinet d\u2019expertise comptable","og_description":"Entdecken Sie den Beruf des M&A-Beraters bei WeMa: Aufgaben, Kompetenzen und Karriereentwicklung in einer unabh\u00e4ngigen Beratungsfirma f\u00fcr Fusionen und \u00dcbernahmen und Corporate Finance.","og_url":"https:\/\/www.wema.fr\/de\/berufe\/ma-berater\/","og_site_name":"WeMa, cabinet d\u2019expertise comptable","twitter_card":"summary_large_image","schema":{"@context":"https:\/\/schema.org","@graph":[{"@type":"WebPage","@id":"https:\/\/www.wema.fr\/de\/berufe\/ma-berater\/","url":"https:\/\/www.wema.fr\/de\/berufe\/ma-berater\/","name":"M&amp;A-Berater - WeMa, cabinet d\u2019expertise comptable","isPartOf":{"@id":"https:\/\/www.wema.fr\/de\/#website"},"datePublished":"2025-09-23T15:25:11+00:00","description":"Entdecken Sie den Beruf des M&A-Beraters bei WeMa: Aufgaben, Kompetenzen und Karriereentwicklung in einer unabh\u00e4ngigen Beratungsfirma f\u00fcr Fusionen und \u00dcbernahmen und Corporate Finance.","breadcrumb":{"@id":"https:\/\/www.wema.fr\/de\/berufe\/ma-berater\/#breadcrumb"},"inLanguage":"de","potentialAction":[{"@type":"ReadAction","target":["https:\/\/www.wema.fr\/de\/berufe\/ma-berater\/"]}]},{"@type":"BreadcrumbList","@id":"https:\/\/www.wema.fr\/de\/berufe\/ma-berater\/#breadcrumb","itemListElement":[{"@type":"ListItem","position":1,"name":"Startseite","item":"https:\/\/www.wema.fr\/de\/startseite\/"},{"@type":"ListItem","position":2,"name":"Berufe","item":"https:\/\/www.wema.fr\/de\/berufe\/"},{"@type":"ListItem","position":3,"name":"M&amp;A-Berater"}]},{"@type":"WebSite","@id":"https:\/\/www.wema.fr\/de\/#website","url":"https:\/\/www.wema.fr\/de\/","name":"WeMa, cabinet d\u2019expertise comptable","description":"Entrepreneur spirit","potentialAction":[{"@type":"SearchAction","target":{"@type":"EntryPoint","urlTemplate":"https:\/\/www.wema.fr\/de\/?s={search_term_string}"},"query-input":{"@type":"PropertyValueSpecification","valueRequired":true,"valueName":"search_term_string"}}],"inLanguage":"de"}]}},"_links":{"self":[{"href":"https:\/\/www.wema.fr\/de\/wp-json\/wp\/v2\/pages\/1675","targetHints":{"allow":["GET"]}}],"collection":[{"href":"https:\/\/www.wema.fr\/de\/wp-json\/wp\/v2\/pages"}],"about":[{"href":"https:\/\/www.wema.fr\/de\/wp-json\/wp\/v2\/types\/page"}],"author":[{"embeddable":true,"href":"https:\/\/www.wema.fr\/de\/wp-json\/wp\/v2\/users\/4"}],"replies":[{"embeddable":true,"href":"https:\/\/www.wema.fr\/de\/wp-json\/wp\/v2\/comments?post=1675"}],"version-history":[{"count":0,"href":"https:\/\/www.wema.fr\/de\/wp-json\/wp\/v2\/pages\/1675\/revisions"}],"up":[{"embeddable":true,"href":"https:\/\/www.wema.fr\/de\/wp-json\/wp\/v2\/pages\/1662"}],"wp:attachment":[{"href":"https:\/\/www.wema.fr\/de\/wp-json\/wp\/v2\/media?parent=1675"}],"curies":[{"name":"wp","href":"https:\/\/api.w.org\/{rel}","templated":true}]}}