{"id":1709,"date":"2025-09-01T10:20:34","date_gmt":"2025-09-01T08:20:34","guid":{"rendered":"https:\/\/wema.adipso.fr\/lassen-sie-ihre-talente-wachsen\/"},"modified":"2026-04-10T10:14:32","modified_gmt":"2026-04-10T08:14:32","slug":"lassen-sie-ihre-talente-wachsen","status":"publish","type":"page","link":"https:\/\/www.wema.fr\/de\/lassen-sie-ihre-talente-wachsen\/","title":{"rendered":"Lassen Sie Ihre Talente wachsen"},"content":{"rendered":"","protected":false},"excerpt":{"rendered":"","protected":false},"author":4,"featured_media":0,"parent":0,"menu_order":0,"comment_status":"closed","ping_status":"closed","template":"src\/controllers\/models\/flex.php","meta":{"_acf_changed":false,"footnotes":""},"class_list":["post-1709","page","type-page","status-publish","hentry"],"acf":[],"yoast_head":"<!-- This site is optimized with the Yoast SEO plugin v27.5 - https:\/\/yoast.com\/product\/yoast-seo-wordpress\/ -->\n<title>Lassen Sie Ihre Talente wachsen - WeMa, cabinet d\u2019expertise comptable<\/title>\n<meta name=\"description\" content=\"Entdecken Sie die Karrierem\u00f6glichkeiten bei WeMa: strukturierte Einarbeitung, Weiterbildung, interne Mobilit\u00e4t, Unterst\u00fctzung bei der Erlangung von Abschl\u00fcssen und realen Entwicklungen.\" \/>\n<meta name=\"robots\" content=\"index, follow, max-snippet:-1, max-image-preview:large, max-video-preview:-1\" \/>\n<link rel=\"canonical\" href=\"https:\/\/www.wema.fr\/de\/lassen-sie-ihre-talente-wachsen\/\" \/>\n<meta property=\"og:locale\" content=\"de_DE\" \/>\n<meta property=\"og:type\" content=\"article\" \/>\n<meta property=\"og:title\" content=\"Lassen Sie Ihre Talente wachsen - WeMa, cabinet d\u2019expertise comptable\" \/>\n<meta property=\"og:description\" content=\"Entdecken Sie die Karrierem\u00f6glichkeiten bei WeMa: strukturierte Einarbeitung, Weiterbildung, interne Mobilit\u00e4t, Unterst\u00fctzung bei der Erlangung von Abschl\u00fcssen und realen Entwicklungen.\" \/>\n<meta property=\"og:url\" content=\"https:\/\/www.wema.fr\/de\/lassen-sie-ihre-talente-wachsen\/\" \/>\n<meta property=\"og:site_name\" content=\"WeMa, cabinet d\u2019expertise comptable\" \/>\n<meta property=\"article:modified_time\" content=\"2026-04-10T08:14:32+00:00\" \/>\n<meta name=\"twitter:card\" content=\"summary_large_image\" \/>\n<meta name=\"twitter:label1\" content=\"Gesch\u00e4tzte Lesezeit\" \/>\n\t<meta name=\"twitter:data1\" content=\"11\u00a0Minuten\" \/>\n<script type=\"application\/ld+json\" class=\"yoast-schema-graph\">{\"@context\":\"https:\\\/\\\/schema.org\",\"@graph\":[{\"@type\":\"WebPage\",\"@id\":\"https:\\\/\\\/www.wema.fr\\\/de\\\/lassen-sie-ihre-talente-wachsen\\\/\",\"url\":\"https:\\\/\\\/www.wema.fr\\\/de\\\/lassen-sie-ihre-talente-wachsen\\\/\",\"name\":\"Lassen Sie Ihre Talente wachsen - WeMa, cabinet d\u2019expertise comptable\",\"isPartOf\":{\"@id\":\"https:\\\/\\\/www.wema.fr\\\/de\\\/#website\"},\"datePublished\":\"2025-09-01T08:20:34+00:00\",\"dateModified\":\"2026-04-10T08:14:32+00:00\",\"description\":\"Entdecken Sie die Karrierem\u00f6glichkeiten bei WeMa: strukturierte Einarbeitung, Weiterbildung, interne Mobilit\u00e4t, Unterst\u00fctzung bei der Erlangung von Abschl\u00fcssen und realen Entwicklungen.\",\"breadcrumb\":{\"@id\":\"https:\\\/\\\/www.wema.fr\\\/de\\\/lassen-sie-ihre-talente-wachsen\\\/#breadcrumb\"},\"inLanguage\":\"de\",\"potentialAction\":[{\"@type\":\"ReadAction\",\"target\":[\"https:\\\/\\\/www.wema.fr\\\/de\\\/lassen-sie-ihre-talente-wachsen\\\/\"]}]},{\"@type\":\"BreadcrumbList\",\"@id\":\"https:\\\/\\\/www.wema.fr\\\/de\\\/lassen-sie-ihre-talente-wachsen\\\/#breadcrumb\",\"itemListElement\":[{\"@type\":\"ListItem\",\"position\":1,\"name\":\"Startseite\",\"item\":\"https:\\\/\\\/www.wema.fr\\\/de\\\/startseite\\\/\"},{\"@type\":\"ListItem\",\"position\":2,\"name\":\"Lassen Sie Ihre Talente wachsen\"}]},{\"@type\":\"WebSite\",\"@id\":\"https:\\\/\\\/www.wema.fr\\\/de\\\/#website\",\"url\":\"https:\\\/\\\/www.wema.fr\\\/de\\\/\",\"name\":\"WeMa, cabinet d\u2019expertise comptable\",\"description\":\"Entrepreneur spirit\",\"potentialAction\":[{\"@type\":\"SearchAction\",\"target\":{\"@type\":\"EntryPoint\",\"urlTemplate\":\"https:\\\/\\\/www.wema.fr\\\/de\\\/?s={search_term_string}\"},\"query-input\":{\"@type\":\"PropertyValueSpecification\",\"valueRequired\":true,\"valueName\":\"search_term_string\"}}],\"inLanguage\":\"de\"}]}<\/script>\n<!-- \/ Yoast SEO plugin. -->","yoast_head_json":{"title":"Lassen Sie Ihre Talente wachsen - WeMa, cabinet d\u2019expertise comptable","description":"Entdecken Sie die Karrierem\u00f6glichkeiten bei WeMa: strukturierte Einarbeitung, Weiterbildung, interne Mobilit\u00e4t, Unterst\u00fctzung bei der Erlangung von Abschl\u00fcssen und realen Entwicklungen.","robots":{"index":"index","follow":"follow","max-snippet":"max-snippet:-1","max-image-preview":"max-image-preview:large","max-video-preview":"max-video-preview:-1"},"canonical":"https:\/\/www.wema.fr\/de\/lassen-sie-ihre-talente-wachsen\/","og_locale":"de_DE","og_type":"article","og_title":"Lassen Sie Ihre Talente wachsen - WeMa, cabinet d\u2019expertise comptable","og_description":"Entdecken Sie die Karrierem\u00f6glichkeiten bei WeMa: strukturierte Einarbeitung, Weiterbildung, interne Mobilit\u00e4t, Unterst\u00fctzung bei der Erlangung von Abschl\u00fcssen und realen Entwicklungen.","og_url":"https:\/\/www.wema.fr\/de\/lassen-sie-ihre-talente-wachsen\/","og_site_name":"WeMa, cabinet d\u2019expertise comptable","article_modified_time":"2026-04-10T08:14:32+00:00","twitter_card":"summary_large_image","twitter_misc":{"Gesch\u00e4tzte Lesezeit":"11\u00a0Minuten"},"schema":{"@context":"https:\/\/schema.org","@graph":[{"@type":"WebPage","@id":"https:\/\/www.wema.fr\/de\/lassen-sie-ihre-talente-wachsen\/","url":"https:\/\/www.wema.fr\/de\/lassen-sie-ihre-talente-wachsen\/","name":"Lassen Sie Ihre Talente wachsen - WeMa, cabinet d\u2019expertise comptable","isPartOf":{"@id":"https:\/\/www.wema.fr\/de\/#website"},"datePublished":"2025-09-01T08:20:34+00:00","dateModified":"2026-04-10T08:14:32+00:00","description":"Entdecken Sie die Karrierem\u00f6glichkeiten bei WeMa: strukturierte Einarbeitung, Weiterbildung, interne Mobilit\u00e4t, Unterst\u00fctzung bei der Erlangung von Abschl\u00fcssen und realen Entwicklungen.","breadcrumb":{"@id":"https:\/\/www.wema.fr\/de\/lassen-sie-ihre-talente-wachsen\/#breadcrumb"},"inLanguage":"de","potentialAction":[{"@type":"ReadAction","target":["https:\/\/www.wema.fr\/de\/lassen-sie-ihre-talente-wachsen\/"]}]},{"@type":"BreadcrumbList","@id":"https:\/\/www.wema.fr\/de\/lassen-sie-ihre-talente-wachsen\/#breadcrumb","itemListElement":[{"@type":"ListItem","position":1,"name":"Startseite","item":"https:\/\/www.wema.fr\/de\/startseite\/"},{"@type":"ListItem","position":2,"name":"Lassen Sie Ihre Talente wachsen"}]},{"@type":"WebSite","@id":"https:\/\/www.wema.fr\/de\/#website","url":"https:\/\/www.wema.fr\/de\/","name":"WeMa, cabinet d\u2019expertise comptable","description":"Entrepreneur spirit","potentialAction":[{"@type":"SearchAction","target":{"@type":"EntryPoint","urlTemplate":"https:\/\/www.wema.fr\/de\/?s={search_term_string}"},"query-input":{"@type":"PropertyValueSpecification","valueRequired":true,"valueName":"search_term_string"}}],"inLanguage":"de"}]}},"_links":{"self":[{"href":"https:\/\/www.wema.fr\/de\/wp-json\/wp\/v2\/pages\/1709","targetHints":{"allow":["GET"]}}],"collection":[{"href":"https:\/\/www.wema.fr\/de\/wp-json\/wp\/v2\/pages"}],"about":[{"href":"https:\/\/www.wema.fr\/de\/wp-json\/wp\/v2\/types\/page"}],"author":[{"embeddable":true,"href":"https:\/\/www.wema.fr\/de\/wp-json\/wp\/v2\/users\/4"}],"replies":[{"embeddable":true,"href":"https:\/\/www.wema.fr\/de\/wp-json\/wp\/v2\/comments?post=1709"}],"version-history":[{"count":1,"href":"https:\/\/www.wema.fr\/de\/wp-json\/wp\/v2\/pages\/1709\/revisions"}],"predecessor-version":[{"id":2027,"href":"https:\/\/www.wema.fr\/de\/wp-json\/wp\/v2\/pages\/1709\/revisions\/2027"}],"wp:attachment":[{"href":"https:\/\/www.wema.fr\/de\/wp-json\/wp\/v2\/media?parent=1709"}],"curies":[{"name":"wp","href":"https:\/\/api.w.org\/{rel}","templated":true}]}}