{"id":1769,"date":"2025-08-13T12:05:15","date_gmt":"2025-08-13T10:05:15","guid":{"rendered":"https:\/\/wema.adipso.fr\/startseite\/"},"modified":"2026-04-10T10:14:30","modified_gmt":"2026-04-10T08:14:30","slug":"startseite","status":"publish","type":"page","link":"https:\/\/www.wema.fr\/de\/","title":{"rendered":"Startseite"},"content":{"rendered":"","protected":false},"excerpt":{"rendered":"","protected":false},"author":4,"featured_media":0,"parent":0,"menu_order":0,"comment_status":"closed","ping_status":"closed","template":"","meta":{"_acf_changed":false,"footnotes":""},"class_list":["post-1769","page","type-page","status-publish","hentry"],"acf":[],"yoast_head":"<!-- This site is optimized with the Yoast SEO plugin v27.5 - https:\/\/yoast.com\/product\/yoast-seo-wordpress\/ -->\n<title>Startseite - WeMa, cabinet d\u2019expertise comptable<\/title>\n<meta name=\"description\" content=\"21 WeMa-Kanzleien in Ostfrankreich und Paris begleiten F\u00fchrungskr\u00e4fte, Unternehmen und Privatpersonen mit 12 Fachgebieten: Unterst\u00fctzung von Finanzabteilungen, Wirtschaftspr\u00fcfung und Abschlusspr\u00fcfung, WeMa Legal - Anwaltskanzlei, Beratung von Privatpersonen, Corporate Finance &amp; M&amp;A, Wirtschaftspr\u00fcfung &amp; Beratung, Lohnbuchhaltung &amp; Sozialberatung, Social Protection Engineering, Wealth Engineering, International, Recht, CSR.\" \/>\n<meta name=\"robots\" content=\"index, follow, max-snippet:-1, max-image-preview:large, max-video-preview:-1\" \/>\n<link rel=\"canonical\" href=\"https:\/\/www.wema.fr\/de\/\" \/>\n<meta property=\"og:locale\" content=\"de_DE\" \/>\n<meta property=\"og:type\" content=\"article\" \/>\n<meta property=\"og:title\" content=\"Startseite - WeMa, cabinet d\u2019expertise comptable\" \/>\n<meta property=\"og:description\" content=\"21 WeMa-Kanzleien in Ostfrankreich und Paris begleiten F\u00fchrungskr\u00e4fte, Unternehmen und Privatpersonen mit 12 Fachgebieten: Unterst\u00fctzung von Finanzabteilungen, Wirtschaftspr\u00fcfung und Abschlusspr\u00fcfung, WeMa Legal - Anwaltskanzlei, Beratung von Privatpersonen, Corporate Finance &amp; M&amp;A, Wirtschaftspr\u00fcfung &amp; Beratung, Lohnbuchhaltung &amp; Sozialberatung, Social Protection Engineering, Wealth Engineering, International, Recht, CSR.\" \/>\n<meta property=\"og:url\" content=\"https:\/\/www.wema.fr\/de\/\" \/>\n<meta property=\"og:site_name\" content=\"WeMa, cabinet d\u2019expertise comptable\" \/>\n<meta property=\"article:modified_time\" content=\"2026-04-10T08:14:30+00:00\" \/>\n<meta name=\"twitter:card\" content=\"summary_large_image\" \/>\n<meta name=\"twitter:label1\" content=\"Gesch\u00e4tzte Lesezeit\" \/>\n\t<meta name=\"twitter:data1\" content=\"2\u00a0Minuten\" \/>\n<script type=\"application\/ld+json\" class=\"yoast-schema-graph\">{\"@context\":\"https:\\\/\\\/schema.org\",\"@graph\":[{\"@type\":\"WebPage\",\"@id\":\"https:\\\/\\\/www.wema.fr\\\/de\\\/\",\"url\":\"https:\\\/\\\/www.wema.fr\\\/de\\\/\",\"name\":\"Startseite - WeMa, cabinet d\u2019expertise comptable\",\"isPartOf\":{\"@id\":\"https:\\\/\\\/www.wema.fr\\\/de\\\/#website\"},\"datePublished\":\"2025-08-13T10:05:15+00:00\",\"dateModified\":\"2026-04-10T08:14:30+00:00\",\"description\":\"21 WeMa-Kanzleien in Ostfrankreich und Paris begleiten F\u00fchrungskr\u00e4fte, Unternehmen und Privatpersonen mit 12 Fachgebieten: Unterst\u00fctzung von Finanzabteilungen, Wirtschaftspr\u00fcfung und Abschlusspr\u00fcfung, WeMa Legal - Anwaltskanzlei, Beratung von Privatpersonen, Corporate Finance & M&A, Wirtschaftspr\u00fcfung & Beratung, Lohnbuchhaltung & Sozialberatung, Social Protection Engineering, Wealth Engineering, International, Recht, CSR.\",\"breadcrumb\":{\"@id\":\"https:\\\/\\\/www.wema.fr\\\/de\\\/#breadcrumb\"},\"inLanguage\":\"de\",\"potentialAction\":[{\"@type\":\"ReadAction\",\"target\":[\"https:\\\/\\\/www.wema.fr\\\/de\\\/\"]}]},{\"@type\":\"BreadcrumbList\",\"@id\":\"https:\\\/\\\/www.wema.fr\\\/de\\\/#breadcrumb\",\"itemListElement\":[{\"@type\":\"ListItem\",\"position\":1,\"name\":\"Startseite\",\"item\":\"https:\\\/\\\/www.wema.fr\\\/de\\\/startseite\\\/\"},{\"@type\":\"ListItem\",\"position\":2,\"name\":\"Startseite\"}]},{\"@type\":\"WebSite\",\"@id\":\"https:\\\/\\\/www.wema.fr\\\/de\\\/#website\",\"url\":\"https:\\\/\\\/www.wema.fr\\\/de\\\/\",\"name\":\"WeMa, cabinet d\u2019expertise comptable\",\"description\":\"Entrepreneur spirit\",\"potentialAction\":[{\"@type\":\"SearchAction\",\"target\":{\"@type\":\"EntryPoint\",\"urlTemplate\":\"https:\\\/\\\/www.wema.fr\\\/de\\\/?s={search_term_string}\"},\"query-input\":{\"@type\":\"PropertyValueSpecification\",\"valueRequired\":true,\"valueName\":\"search_term_string\"}}],\"inLanguage\":\"de\"}]}<\/script>\n<!-- \/ Yoast SEO plugin. -->","yoast_head_json":{"title":"Startseite - WeMa, cabinet d\u2019expertise comptable","description":"21 WeMa-Kanzleien in Ostfrankreich und Paris begleiten F\u00fchrungskr\u00e4fte, Unternehmen und Privatpersonen mit 12 Fachgebieten: Unterst\u00fctzung von Finanzabteilungen, Wirtschaftspr\u00fcfung und Abschlusspr\u00fcfung, WeMa Legal - Anwaltskanzlei, Beratung von Privatpersonen, Corporate Finance & M&A, Wirtschaftspr\u00fcfung & Beratung, Lohnbuchhaltung & Sozialberatung, Social Protection Engineering, Wealth Engineering, International, Recht, CSR.","robots":{"index":"index","follow":"follow","max-snippet":"max-snippet:-1","max-image-preview":"max-image-preview:large","max-video-preview":"max-video-preview:-1"},"canonical":"https:\/\/www.wema.fr\/de\/","og_locale":"de_DE","og_type":"article","og_title":"Startseite - WeMa, cabinet d\u2019expertise comptable","og_description":"21 WeMa-Kanzleien in Ostfrankreich und Paris begleiten F\u00fchrungskr\u00e4fte, Unternehmen und Privatpersonen mit 12 Fachgebieten: Unterst\u00fctzung von Finanzabteilungen, Wirtschaftspr\u00fcfung und Abschlusspr\u00fcfung, WeMa Legal - Anwaltskanzlei, Beratung von Privatpersonen, Corporate Finance & M&A, Wirtschaftspr\u00fcfung & Beratung, Lohnbuchhaltung & Sozialberatung, Social Protection Engineering, Wealth Engineering, International, Recht, CSR.","og_url":"https:\/\/www.wema.fr\/de\/","og_site_name":"WeMa, cabinet d\u2019expertise comptable","article_modified_time":"2026-04-10T08:14:30+00:00","twitter_card":"summary_large_image","twitter_misc":{"Gesch\u00e4tzte Lesezeit":"2\u00a0Minuten"},"schema":{"@context":"https:\/\/schema.org","@graph":[{"@type":"WebPage","@id":"https:\/\/www.wema.fr\/de\/","url":"https:\/\/www.wema.fr\/de\/","name":"Startseite - WeMa, cabinet d\u2019expertise comptable","isPartOf":{"@id":"https:\/\/www.wema.fr\/de\/#website"},"datePublished":"2025-08-13T10:05:15+00:00","dateModified":"2026-04-10T08:14:30+00:00","description":"21 WeMa-Kanzleien in Ostfrankreich und Paris begleiten F\u00fchrungskr\u00e4fte, Unternehmen und Privatpersonen mit 12 Fachgebieten: Unterst\u00fctzung von Finanzabteilungen, Wirtschaftspr\u00fcfung und Abschlusspr\u00fcfung, WeMa Legal - Anwaltskanzlei, Beratung von Privatpersonen, Corporate Finance & M&A, Wirtschaftspr\u00fcfung & Beratung, Lohnbuchhaltung & Sozialberatung, Social Protection Engineering, Wealth Engineering, International, Recht, CSR.","breadcrumb":{"@id":"https:\/\/www.wema.fr\/de\/#breadcrumb"},"inLanguage":"de","potentialAction":[{"@type":"ReadAction","target":["https:\/\/www.wema.fr\/de\/"]}]},{"@type":"BreadcrumbList","@id":"https:\/\/www.wema.fr\/de\/#breadcrumb","itemListElement":[{"@type":"ListItem","position":1,"name":"Startseite","item":"https:\/\/www.wema.fr\/de\/startseite\/"},{"@type":"ListItem","position":2,"name":"Startseite"}]},{"@type":"WebSite","@id":"https:\/\/www.wema.fr\/de\/#website","url":"https:\/\/www.wema.fr\/de\/","name":"WeMa, cabinet d\u2019expertise comptable","description":"Entrepreneur spirit","potentialAction":[{"@type":"SearchAction","target":{"@type":"EntryPoint","urlTemplate":"https:\/\/www.wema.fr\/de\/?s={search_term_string}"},"query-input":{"@type":"PropertyValueSpecification","valueRequired":true,"valueName":"search_term_string"}}],"inLanguage":"de"}]}},"_links":{"self":[{"href":"https:\/\/www.wema.fr\/de\/wp-json\/wp\/v2\/pages\/1769","targetHints":{"allow":["GET"]}}],"collection":[{"href":"https:\/\/www.wema.fr\/de\/wp-json\/wp\/v2\/pages"}],"about":[{"href":"https:\/\/www.wema.fr\/de\/wp-json\/wp\/v2\/types\/page"}],"author":[{"embeddable":true,"href":"https:\/\/www.wema.fr\/de\/wp-json\/wp\/v2\/users\/4"}],"replies":[{"embeddable":true,"href":"https:\/\/www.wema.fr\/de\/wp-json\/wp\/v2\/comments?post=1769"}],"version-history":[{"count":2,"href":"https:\/\/www.wema.fr\/de\/wp-json\/wp\/v2\/pages\/1769\/revisions"}],"predecessor-version":[{"id":2098,"href":"https:\/\/www.wema.fr\/de\/wp-json\/wp\/v2\/pages\/1769\/revisions\/2098"}],"wp:attachment":[{"href":"https:\/\/www.wema.fr\/de\/wp-json\/wp\/v2\/media?parent=1769"}],"curies":[{"name":"wp","href":"https:\/\/api.w.org\/{rel}","templated":true}]}}