{"id":1770,"date":"2025-09-08T09:03:48","date_gmt":"2025-09-08T07:03:48","guid":{"rendered":"https:\/\/wema.adipso.fr\/berufe\/rechtsanwalt-fuer-steuerrecht\/"},"modified":"2025-09-08T09:03:48","modified_gmt":"2025-09-08T07:03:48","slug":"rechtsanwalt-fuer-steuerrecht","status":"publish","type":"page","link":"https:\/\/www.wema.fr\/de\/berufe\/rechtsanwalt-fuer-steuerrecht\/","title":{"rendered":"Rechtsanwalt f\u00fcr Steuerrecht"},"content":{"rendered":"","protected":false},"excerpt":{"rendered":"","protected":false},"author":1,"featured_media":0,"parent":1662,"menu_order":0,"comment_status":"closed","ping_status":"closed","template":"src\/controllers\/models\/flex.php","meta":{"_acf_changed":false,"footnotes":""},"class_list":["post-1770","page","type-page","status-publish","hentry"],"acf":[],"yoast_head":"<!-- This site is optimized with the Yoast SEO plugin v27.5 - https:\/\/yoast.com\/product\/yoast-seo-wordpress\/ -->\n<title>Rechtsanwalt f\u00fcr Steuerrecht - WeMa, cabinet d\u2019expertise comptable<\/title>\n<meta name=\"description\" content=\"Erfahren Sie mehr \u00fcber den Beruf des Steueranwalts bei WeMa L\u00e9gal: Aufgaben, Ausbildung und Entwicklungsm\u00f6glichkeiten in einer Anwaltskanzlei, die in eine multidisziplin\u00e4re Expertengruppe integriert ist.\" \/>\n<meta name=\"robots\" content=\"index, follow, max-snippet:-1, max-image-preview:large, max-video-preview:-1\" \/>\n<link rel=\"canonical\" href=\"https:\/\/www.wema.fr\/de\/berufe\/rechtsanwalt-fuer-steuerrecht\/\" \/>\n<meta property=\"og:locale\" content=\"de_DE\" \/>\n<meta property=\"og:type\" content=\"article\" \/>\n<meta property=\"og:title\" content=\"Rechtsanwalt f\u00fcr Steuerrecht - WeMa, cabinet d\u2019expertise comptable\" \/>\n<meta property=\"og:description\" content=\"Erfahren Sie mehr \u00fcber den Beruf des Steueranwalts bei WeMa L\u00e9gal: Aufgaben, Ausbildung und Entwicklungsm\u00f6glichkeiten in einer Anwaltskanzlei, die in eine multidisziplin\u00e4re Expertengruppe integriert ist.\" \/>\n<meta property=\"og:url\" content=\"https:\/\/www.wema.fr\/de\/berufe\/rechtsanwalt-fuer-steuerrecht\/\" \/>\n<meta property=\"og:site_name\" content=\"WeMa, cabinet d\u2019expertise comptable\" \/>\n<meta name=\"twitter:card\" content=\"summary_large_image\" \/>\n<script type=\"application\/ld+json\" class=\"yoast-schema-graph\">{\"@context\":\"https:\\\/\\\/schema.org\",\"@graph\":[{\"@type\":\"WebPage\",\"@id\":\"https:\\\/\\\/www.wema.fr\\\/de\\\/berufe\\\/rechtsanwalt-fuer-steuerrecht\\\/\",\"url\":\"https:\\\/\\\/www.wema.fr\\\/de\\\/berufe\\\/rechtsanwalt-fuer-steuerrecht\\\/\",\"name\":\"Rechtsanwalt f\u00fcr Steuerrecht - WeMa, cabinet d\u2019expertise comptable\",\"isPartOf\":{\"@id\":\"https:\\\/\\\/www.wema.fr\\\/de\\\/#website\"},\"datePublished\":\"2025-09-08T07:03:48+00:00\",\"description\":\"Erfahren Sie mehr \u00fcber den Beruf des Steueranwalts bei WeMa L\u00e9gal: Aufgaben, Ausbildung und Entwicklungsm\u00f6glichkeiten in einer Anwaltskanzlei, die in eine multidisziplin\u00e4re Expertengruppe integriert ist.\",\"breadcrumb\":{\"@id\":\"https:\\\/\\\/www.wema.fr\\\/de\\\/berufe\\\/rechtsanwalt-fuer-steuerrecht\\\/#breadcrumb\"},\"inLanguage\":\"de\",\"potentialAction\":[{\"@type\":\"ReadAction\",\"target\":[\"https:\\\/\\\/www.wema.fr\\\/de\\\/berufe\\\/rechtsanwalt-fuer-steuerrecht\\\/\"]}]},{\"@type\":\"BreadcrumbList\",\"@id\":\"https:\\\/\\\/www.wema.fr\\\/de\\\/berufe\\\/rechtsanwalt-fuer-steuerrecht\\\/#breadcrumb\",\"itemListElement\":[{\"@type\":\"ListItem\",\"position\":1,\"name\":\"Startseite\",\"item\":\"https:\\\/\\\/www.wema.fr\\\/de\\\/startseite\\\/\"},{\"@type\":\"ListItem\",\"position\":2,\"name\":\"Berufe\",\"item\":\"https:\\\/\\\/www.wema.fr\\\/de\\\/berufe\\\/\"},{\"@type\":\"ListItem\",\"position\":3,\"name\":\"Rechtsanwalt f\u00fcr Steuerrecht\"}]},{\"@type\":\"WebSite\",\"@id\":\"https:\\\/\\\/www.wema.fr\\\/de\\\/#website\",\"url\":\"https:\\\/\\\/www.wema.fr\\\/de\\\/\",\"name\":\"WeMa, cabinet d\u2019expertise comptable\",\"description\":\"Entrepreneur spirit\",\"potentialAction\":[{\"@type\":\"SearchAction\",\"target\":{\"@type\":\"EntryPoint\",\"urlTemplate\":\"https:\\\/\\\/www.wema.fr\\\/de\\\/?s={search_term_string}\"},\"query-input\":{\"@type\":\"PropertyValueSpecification\",\"valueRequired\":true,\"valueName\":\"search_term_string\"}}],\"inLanguage\":\"de\"}]}<\/script>\n<!-- \/ Yoast SEO plugin. -->","yoast_head_json":{"title":"Rechtsanwalt f\u00fcr Steuerrecht - WeMa, cabinet d\u2019expertise comptable","description":"Erfahren Sie mehr \u00fcber den Beruf des Steueranwalts bei WeMa L\u00e9gal: Aufgaben, Ausbildung und Entwicklungsm\u00f6glichkeiten in einer Anwaltskanzlei, die in eine multidisziplin\u00e4re Expertengruppe integriert ist.","robots":{"index":"index","follow":"follow","max-snippet":"max-snippet:-1","max-image-preview":"max-image-preview:large","max-video-preview":"max-video-preview:-1"},"canonical":"https:\/\/www.wema.fr\/de\/berufe\/rechtsanwalt-fuer-steuerrecht\/","og_locale":"de_DE","og_type":"article","og_title":"Rechtsanwalt f\u00fcr Steuerrecht - WeMa, cabinet d\u2019expertise comptable","og_description":"Erfahren Sie mehr \u00fcber den Beruf des Steueranwalts bei WeMa L\u00e9gal: Aufgaben, Ausbildung und Entwicklungsm\u00f6glichkeiten in einer Anwaltskanzlei, die in eine multidisziplin\u00e4re Expertengruppe integriert ist.","og_url":"https:\/\/www.wema.fr\/de\/berufe\/rechtsanwalt-fuer-steuerrecht\/","og_site_name":"WeMa, cabinet d\u2019expertise comptable","twitter_card":"summary_large_image","schema":{"@context":"https:\/\/schema.org","@graph":[{"@type":"WebPage","@id":"https:\/\/www.wema.fr\/de\/berufe\/rechtsanwalt-fuer-steuerrecht\/","url":"https:\/\/www.wema.fr\/de\/berufe\/rechtsanwalt-fuer-steuerrecht\/","name":"Rechtsanwalt f\u00fcr Steuerrecht - WeMa, cabinet d\u2019expertise comptable","isPartOf":{"@id":"https:\/\/www.wema.fr\/de\/#website"},"datePublished":"2025-09-08T07:03:48+00:00","description":"Erfahren Sie mehr \u00fcber den Beruf des Steueranwalts bei WeMa L\u00e9gal: Aufgaben, Ausbildung und Entwicklungsm\u00f6glichkeiten in einer Anwaltskanzlei, die in eine multidisziplin\u00e4re Expertengruppe integriert ist.","breadcrumb":{"@id":"https:\/\/www.wema.fr\/de\/berufe\/rechtsanwalt-fuer-steuerrecht\/#breadcrumb"},"inLanguage":"de","potentialAction":[{"@type":"ReadAction","target":["https:\/\/www.wema.fr\/de\/berufe\/rechtsanwalt-fuer-steuerrecht\/"]}]},{"@type":"BreadcrumbList","@id":"https:\/\/www.wema.fr\/de\/berufe\/rechtsanwalt-fuer-steuerrecht\/#breadcrumb","itemListElement":[{"@type":"ListItem","position":1,"name":"Startseite","item":"https:\/\/www.wema.fr\/de\/startseite\/"},{"@type":"ListItem","position":2,"name":"Berufe","item":"https:\/\/www.wema.fr\/de\/berufe\/"},{"@type":"ListItem","position":3,"name":"Rechtsanwalt f\u00fcr Steuerrecht"}]},{"@type":"WebSite","@id":"https:\/\/www.wema.fr\/de\/#website","url":"https:\/\/www.wema.fr\/de\/","name":"WeMa, cabinet d\u2019expertise comptable","description":"Entrepreneur spirit","potentialAction":[{"@type":"SearchAction","target":{"@type":"EntryPoint","urlTemplate":"https:\/\/www.wema.fr\/de\/?s={search_term_string}"},"query-input":{"@type":"PropertyValueSpecification","valueRequired":true,"valueName":"search_term_string"}}],"inLanguage":"de"}]}},"_links":{"self":[{"href":"https:\/\/www.wema.fr\/de\/wp-json\/wp\/v2\/pages\/1770","targetHints":{"allow":["GET"]}}],"collection":[{"href":"https:\/\/www.wema.fr\/de\/wp-json\/wp\/v2\/pages"}],"about":[{"href":"https:\/\/www.wema.fr\/de\/wp-json\/wp\/v2\/types\/page"}],"author":[{"embeddable":true,"href":"https:\/\/www.wema.fr\/de\/wp-json\/wp\/v2\/users\/1"}],"replies":[{"embeddable":true,"href":"https:\/\/www.wema.fr\/de\/wp-json\/wp\/v2\/comments?post=1770"}],"version-history":[{"count":0,"href":"https:\/\/www.wema.fr\/de\/wp-json\/wp\/v2\/pages\/1770\/revisions"}],"up":[{"embeddable":true,"href":"https:\/\/www.wema.fr\/de\/wp-json\/wp\/v2\/pages\/1662"}],"wp:attachment":[{"href":"https:\/\/www.wema.fr\/de\/wp-json\/wp\/v2\/media?parent=1770"}],"curies":[{"name":"wp","href":"https:\/\/api.w.org\/{rel}","templated":true}]}}