{"id":1676,"date":"2025-09-08T09:50:36","date_gmt":"2025-09-08T07:50:36","guid":{"rendered":"https:\/\/wema.adipso.fr\/site-map\/"},"modified":"2026-02-02T15:52:39","modified_gmt":"2026-02-02T14:52:39","slug":"site-map","status":"publish","type":"page","link":"https:\/\/www.wema.fr\/en\/site-map\/","title":{"rendered":"Site map"},"content":{"rendered":"<div class=\"wsp-container\"><h2 class=\"wsp-pages-title\">Pages<\/h2>\n<ul class=\"wsp-pages-list\">\n<li class=\"page_item page-item-1673\"><a href=\"https:\/\/www.wema.fr\/en\/contact\/\">Contact<\/a><\/li>\n<li class=\"page_item page-item-1727\"><a href=\"https:\/\/www.wema.fr\/en\/faq\/\">FAQ<\/a><\/li>\n<li class=\"page_item page-item-1712\"><a href=\"https:\/\/www.wema.fr\/en\/join-wema\/\">Grow your talents<\/a><\/li>\n<li class=\"page_item page-item-253\"><a href=\"https:\/\/www.wema.fr\/en\/\">Home<\/a><\/li>\n<li class=\"page_item page-item-1725\"><a href=\"https:\/\/www.wema.fr\/en\/lexicon\/\">Lexicon<\/a><\/li>\n<li class=\"page_item page-item-1683\"><a href=\"https:\/\/www.wema.fr\/en\/privacy-policy\/\">Privacy policy<\/a><\/li>\n<li class=\"page_item page-item-1665 page_item_has_children\"><a href=\"https:\/\/www.wema.fr\/en\/professions\/\">Professions<\/a>\n<ul class='children'>\n\t<li class=\"page_item page-item-1657\"><a href=\"https:\/\/www.wema.fr\/en\/professions\/accounting-assistant\/\">Accounting assistant<\/a><\/li>\n\t<li class=\"page_item page-item-1685\"><a href=\"https:\/\/www.wema.fr\/en\/professions\/asset-manager\/\">Asset manager<\/a><\/li>\n\t<li class=\"page_item page-item-1659\"><a href=\"https:\/\/www.wema.fr\/en\/professions\/auditor\/\">Auditor<\/a><\/li>\n\t<li class=\"page_item page-item-1720\"><a href=\"https:\/\/www.wema.fr\/en\/professions\/business-lawyer\/\">Business Lawyer<\/a><\/li>\n\t<li class=\"page_item page-item-1743\"><a href=\"https:\/\/www.wema.fr\/en\/professions\/chartered-accountant\/\">Chartered Accountant<\/a><\/li>\n\t<li class=\"page_item page-item-1718\"><a href=\"https:\/\/www.wema.fr\/en\/professions\/corporate-lawyer\/\">Corporate Lawyer<\/a><\/li>\n\t<li class=\"page_item page-item-1680\"><a href=\"https:\/\/www.wema.fr\/en\/professions\/data-analyst\/\">Data Analyst<\/a><\/li>\n\t<li class=\"page_item page-item-1717\"><a href=\"https:\/\/www.wema.fr\/en\/professions\/employment-law-lawyer\/\">Employment law lawyer<\/a><\/li>\n\t<li class=\"page_item page-item-1766\"><a href=\"https:\/\/www.wema.fr\/en\/professions\/employment-lawyer\/\">Employment lawyer<\/a><\/li>\n\t<li class=\"page_item page-item-1678\"><a href=\"https:\/\/www.wema.fr\/en\/professions\/ma-consultant\/\">M&amp;A Consultant<\/a><\/li>\n\t<li class=\"page_item page-item-1722\"><a href=\"https:\/\/www.wema.fr\/en\/professions\/mission-director\/\">Mission Director<\/a><\/li>\n\t<li class=\"page_item page-item-1715\"><a href=\"https:\/\/www.wema.fr\/en\/professions\/mission-manager\/\">Mission Manager<\/a><\/li>\n\t<li class=\"page_item page-item-1681\"><a href=\"https:\/\/www.wema.fr\/en\/professions\/payroll-manager\/\">Payroll manager<\/a><\/li>\n\t<li class=\"page_item page-item-1672\"><a href=\"https:\/\/www.wema.fr\/en\/professions\/statutory-auditor\/\">Statutory auditor<\/a><\/li>\n\t<li class=\"page_item page-item-1661\"><a href=\"https:\/\/www.wema.fr\/en\/professions\/tax-lawyer\/\">Tax lawyer<\/a><\/li>\n<\/ul>\n<\/li>\n<li class=\"page_item page-item-1676\"><a href=\"https:\/\/www.wema.fr\/en\/site-map\/\">Site map<\/a><\/li>\n<li class=\"page_item page-item-1669\"><a href=\"https:\/\/www.wema.fr\/en\/terms-of-use\/\">Terms of use<\/a><\/li>\n<li class=\"page_item page-item-1714\"><a href=\"https:\/\/www.wema.fr\/en\/the-wema-group\/\">WeMa, at the service of entrepreneurs<\/a><\/li>\n<\/ul>\n<h2 class=\"wsp-actualitess-title\">News<\/h2>\n<ul class=\"wsp-actualitess-list\">\n<li><a href=\"https:\/\/www.wema.fr\/en\/news\/conges-payes-attention-aux-regles-a-respecter\/\">Cong\u00e9s pay\u00e9s : attention aux r\u00e8gles \u00e0 respecter !<\/a><\/li>\n<li><a href=\"https:\/\/www.wema.fr\/en\/news\/ma-dans-lest-de-la-france-perspectives-2026-pour-les-transmissions-dentreprise\/\">M&amp;A in Eastern France: 2026 outlook for business transfers<\/a><\/li>\n<li><a href=\"https:\/\/www.wema.fr\/en\/news\/accounting-and-consulting-in-2026-trends-challenges-and-customized-support\/\">Accounting and consulting in 2026: trends, challenges and customized support<\/a><\/li>\n<li><a href=\"https:\/\/www.wema.fr\/en\/news\/between-reform-and-compliance-the-legal-challenges-facing-companies-in-2026\/\">Between reform and compliance: the legal challenges facing companies in 2026<\/a><\/li>\n<li><a href=\"https:\/\/www.wema.fr\/en\/news\/new-tax-for-2025-the-contribution-differentielle-sur-les-hauts-revenus-cdhr-differential-contribution-on-high-incomes\/\">New tax for 2025: the Contribution Diff\u00e9rentielle sur les Hauts Revenus (CDHR) (differential contribution on high incomes)<\/a><\/li>\n<li><a href=\"https:\/\/www.wema.fr\/en\/news\/a-word-from-the-chairman\/\">A word from the Chairman<\/a><\/li>\n<\/ul>\n<h2 class=\"wsp-cabinetss-title\">Offices<\/h2>\n<ul class=\"wsp-cabinetss-list\">\n<li><a href=\"https:\/\/www.wema.fr\/en\/offices\/strasbourg\/\">Strasbourg<\/a><\/li>\n<li><a href=\"https:\/\/www.wema.fr\/en\/offices\/bartenheim\/\">Bartenheim<\/a><\/li>\n<li><a href=\"https:\/\/www.wema.fr\/en\/offices\/baumes-les-dames\/\">Baumes-les-Dames<\/a><\/li>\n<li><a href=\"https:\/\/www.wema.fr\/en\/offices\/besancon\/\">Besan\u00e7on<\/a><\/li>\n<li><a href=\"https:\/\/www.wema.fr\/en\/offices\/colmar\/\">Colmar<\/a><\/li>\n<li><a href=\"https:\/\/www.wema.fr\/en\/offices\/creutzwald\/\">Creutzwald<\/a><\/li>\n<li><a href=\"https:\/\/www.wema.fr\/en\/offices\/dijon\/\">Dijon<\/a><\/li>\n<li><a href=\"https:\/\/www.wema.fr\/en\/offices\/entzheim\/\">Entzheim<\/a><\/li>\n<li><a href=\"https:\/\/www.wema.fr\/en\/offices\/montbeliard\/\">Montb\u00e9liard<\/a><\/li>\n<li><a href=\"https:\/\/www.wema.fr\/en\/offices\/morsbach\/\">Morsbach<\/a><\/li>\n<li><a href=\"https:\/\/www.wema.fr\/en\/offices\/moulins-les-metz\/\">Moulins-l\u00e8s-Metz<\/a><\/li>\n<li><a href=\"https:\/\/www.wema.fr\/en\/offices\/mulhouse\/\">Mulhouse<\/a><\/li>\n<li><a href=\"https:\/\/www.wema.fr\/en\/offices\/obernai\/\">Obernai<\/a><\/li>\n<li><a href=\"https:\/\/www.wema.fr\/en\/offices\/ornans\/\">Ornans<\/a><\/li>\n<li><a href=\"https:\/\/www.wema.fr\/en\/offices\/paris\/\">Paris<\/a><\/li>\n<li><a href=\"https:\/\/www.wema.fr\/en\/offices\/pontarlier\/\">Pontarlier<\/a><\/li>\n<li><a href=\"https:\/\/www.wema.fr\/en\/offices\/saint-avold\/\">Saint-Avold<\/a><\/li>\n<li><a href=\"https:\/\/www.wema.fr\/en\/offices\/sarreguemines\/\">Sarreguemines<\/a><\/li>\n<li><a href=\"https:\/\/www.wema.fr\/en\/offices\/sarre-union\/\">Sarre-Union<\/a><\/li>\n<li><a href=\"https:\/\/www.wema.fr\/en\/offices\/saverne\/\">Saverne<\/a><\/li>\n<li><a href=\"https:\/\/www.wema.fr\/en\/offices\/valdahon\/\">Valdahon<\/a><\/li>\n<\/ul>\n<h2 class=\"wsp-pole-de-competences-title\">Competence centers<\/h2>\n<ul class=\"wsp-pole-de-competences-list\">\n<li><a href=\"https:\/\/www.wema.fr\/en\/areas-of-expertise\/payroll-management-social-consulting\/\">Payroll Management &amp; Social Consulting<\/a><\/li>\n<li><a href=\"https:\/\/www.wema.fr\/en\/areas-of-expertise\/audit-and-statutory-auditors\/\">Audit and statutory auditors<\/a><\/li>\n<li><a href=\"https:\/\/www.wema.fr\/en\/areas-of-expertise\/corporate-finance-ma\/\">Corporate finance &amp; M&amp;A<\/a><\/li>\n<li><a href=\"https:\/\/www.wema.fr\/en\/areas-of-expertise\/csr-corporate-social-responsibility\/\">CSR - Corporate Social Responsibility<\/a><\/li>\n<li><a href=\"https:\/\/www.wema.fr\/en\/areas-of-expertise\/accounting-consulting\/\">Accounting &amp; Consulting<\/a><\/li>\n<li><a href=\"https:\/\/www.wema.fr\/en\/areas-of-expertise\/wema-legal-law-firm\/\">WeMa Legal - Law firm<\/a><\/li>\n<li><a href=\"https:\/\/www.wema.fr\/en\/areas-of-expertise\/heritage-protection-engineering\/\">Asset engineering<\/a><\/li>\n<li><a href=\"https:\/\/www.wema.fr\/en\/areas-of-expertise\/international\/\">International<\/a><\/li>\n<li><a href=\"https:\/\/www.wema.fr\/en\/areas-of-expertise\/social-protection-engineering\/\">Social protection engineering<\/a><\/li>\n<li><a href=\"https:\/\/www.wema.fr\/en\/areas-of-expertise\/legal\/\">Legal<\/a><\/li>\n<li><a href=\"https:\/\/www.wema.fr\/en\/areas-of-expertise\/advice-for-private-customers\/\">Advice for private customers<\/a><\/li>\n<li><a href=\"https:\/\/www.wema.fr\/en\/areas-of-expertise\/assistance-to-finance-departments\/\">Assistance to finance departments<\/a><\/li>\n<\/ul>\n<h2 class=\"wsp-secteur-dactivitess-title\">Sectors of activity<\/h2>\n<ul class=\"wsp-secteur-dactivitess-list\">\n<li><a href=\"https:\/\/www.wema.fr\/en\/sector-of-activities\/real-estate-activities\/\">Real Estate Activities<\/a><\/li>\n<li><a href=\"https:\/\/www.wema.fr\/en\/sector-of-activities\/cab\/\">Cab<\/a><\/li>\n<li><a href=\"https:\/\/www.wema.fr\/en\/sector-of-activities\/personal-services\/\">Personal services<\/a><\/li>\n<li><a href=\"https:\/\/www.wema.fr\/en\/sector-of-activities\/franchise-network\/\">Franchise network<\/a><\/li>\n<li><a href=\"https:\/\/www.wema.fr\/en\/sector-of-activities\/liberal-professions\/\">Liberal Professions<\/a><\/li>\n<li><a href=\"https:\/\/www.wema.fr\/en\/sector-of-activities\/industry\/\">Industry<\/a><\/li>\n<li><a href=\"https:\/\/www.wema.fr\/en\/sector-of-activities\/holding-company\/\">Holding company<\/a><\/li>\n<li><a href=\"https:\/\/www.wema.fr\/en\/sector-of-activities\/local-shops\/\">Local shops<\/a><\/li>\n<li><a href=\"https:\/\/www.wema.fr\/en\/sector-of-activities\/tobacco-shop\/\">Tobacco shop<\/a><\/li>\n<li><a href=\"https:\/\/www.wema.fr\/en\/sector-of-activities\/insurance\/\">Insurance<\/a><\/li>\n<li><a href=\"https:\/\/www.wema.fr\/en\/sector-of-activities\/crafts\/\">Crafts<\/a><\/li>\n<li><a href=\"https:\/\/www.wema.fr\/en\/sector-of-activities\/medical-activities\/\">Medical Activities<\/a><\/li>\n<li><a href=\"https:\/\/www.wema.fr\/en\/sector-of-activities\/agriculture\/\">Agriculture<\/a><\/li>\n<li><a href=\"https:\/\/www.wema.fr\/en\/sector-of-activities\/art-and-entertainment\/\">Art and entertainment<\/a><\/li>\n<li><a href=\"https:\/\/www.wema.fr\/en\/sector-of-activities\/btp\/\">BTP<\/a><\/li>\n<li><a href=\"https:\/\/www.wema.fr\/en\/sector-of-activities\/chr-cafes-hotels-restaurants\/\">CHR (Caf\u00e9s, Hotels, Restaurants)<\/a><\/li>\n<li><a href=\"https:\/\/www.wema.fr\/en\/sector-of-activities\/retail\/\">Retail<\/a><\/li>\n<li><a href=\"https:\/\/www.wema.fr\/en\/sector-of-activities\/pharmacy\/\">Pharmacy<\/a><\/li>\n<li><a href=\"https:\/\/www.wema.fr\/en\/sector-of-activities\/sme-smi\/\">SME - SMI<\/a><\/li>\n<\/ul>\n<\/div>\n","protected":false},"excerpt":{"rendered":"","protected":false},"author":1,"featured_media":0,"parent":0,"menu_order":0,"comment_status":"closed","ping_status":"closed","template":"","meta":{"_acf_changed":false,"footnotes":""},"class_list":["post-1676","page","type-page","status-publish","hentry"],"acf":[],"yoast_head":"<!-- This site is optimized with the Yoast SEO plugin v27.5 - https:\/\/yoast.com\/product\/yoast-seo-wordpress\/ -->\n<title>Site map - WeMa, cabinet d\u2019expertise comptable<\/title>\n<meta name=\"robots\" content=\"index, follow, max-snippet:-1, max-image-preview:large, max-video-preview:-1\" \/>\n<link rel=\"canonical\" href=\"https:\/\/www.wema.fr\/en\/site-map\/\" \/>\n<meta property=\"og:locale\" content=\"en_US\" \/>\n<meta property=\"og:type\" content=\"article\" \/>\n<meta property=\"og:title\" content=\"Site map - WeMa, cabinet d\u2019expertise comptable\" \/>\n<meta property=\"og:url\" content=\"https:\/\/www.wema.fr\/en\/site-map\/\" \/>\n<meta property=\"og:site_name\" content=\"WeMa, cabinet d\u2019expertise comptable\" \/>\n<meta property=\"article:modified_time\" content=\"2026-02-02T14:52:39+00:00\" \/>\n<meta name=\"twitter:card\" content=\"summary_large_image\" \/>\n<meta name=\"twitter:label1\" content=\"Est. reading time\" \/>\n\t<meta name=\"twitter:data1\" content=\"1 minute\" \/>\n<script type=\"application\/ld+json\" class=\"yoast-schema-graph\">{\"@context\":\"https:\\\/\\\/schema.org\",\"@graph\":[{\"@type\":\"WebPage\",\"@id\":\"https:\\\/\\\/www.wema.fr\\\/en\\\/site-map\\\/\",\"url\":\"https:\\\/\\\/www.wema.fr\\\/en\\\/site-map\\\/\",\"name\":\"Site map - WeMa, cabinet d\u2019expertise comptable\",\"isPartOf\":{\"@id\":\"https:\\\/\\\/www.wema.fr\\\/en\\\/#website\"},\"datePublished\":\"2025-09-08T07:50:36+00:00\",\"dateModified\":\"2026-02-02T14:52:39+00:00\",\"breadcrumb\":{\"@id\":\"https:\\\/\\\/www.wema.fr\\\/en\\\/site-map\\\/#breadcrumb\"},\"inLanguage\":\"en-US\",\"potentialAction\":[{\"@type\":\"ReadAction\",\"target\":[\"https:\\\/\\\/www.wema.fr\\\/en\\\/site-map\\\/\"]}]},{\"@type\":\"BreadcrumbList\",\"@id\":\"https:\\\/\\\/www.wema.fr\\\/en\\\/site-map\\\/#breadcrumb\",\"itemListElement\":[{\"@type\":\"ListItem\",\"position\":1,\"name\":\"Home\",\"item\":\"https:\\\/\\\/www.wema.fr\\\/en\\\/home\\\/\"},{\"@type\":\"ListItem\",\"position\":2,\"name\":\"Site map\"}]},{\"@type\":\"WebSite\",\"@id\":\"https:\\\/\\\/www.wema.fr\\\/en\\\/#website\",\"url\":\"https:\\\/\\\/www.wema.fr\\\/en\\\/\",\"name\":\"WeMa, cabinet d\u2019expertise comptable\",\"description\":\"Entrepreneur spirit\",\"potentialAction\":[{\"@type\":\"SearchAction\",\"target\":{\"@type\":\"EntryPoint\",\"urlTemplate\":\"https:\\\/\\\/www.wema.fr\\\/en\\\/?s={search_term_string}\"},\"query-input\":{\"@type\":\"PropertyValueSpecification\",\"valueRequired\":true,\"valueName\":\"search_term_string\"}}],\"inLanguage\":\"en-US\"}]}<\/script>\n<!-- \/ Yoast SEO plugin. -->","yoast_head_json":{"title":"Site map - WeMa, cabinet d\u2019expertise comptable","robots":{"index":"index","follow":"follow","max-snippet":"max-snippet:-1","max-image-preview":"max-image-preview:large","max-video-preview":"max-video-preview:-1"},"canonical":"https:\/\/www.wema.fr\/en\/site-map\/","og_locale":"en_US","og_type":"article","og_title":"Site map - WeMa, cabinet d\u2019expertise comptable","og_url":"https:\/\/www.wema.fr\/en\/site-map\/","og_site_name":"WeMa, cabinet d\u2019expertise comptable","article_modified_time":"2026-02-02T14:52:39+00:00","twitter_card":"summary_large_image","twitter_misc":{"Est. reading time":"1 minute"},"schema":{"@context":"https:\/\/schema.org","@graph":[{"@type":"WebPage","@id":"https:\/\/www.wema.fr\/en\/site-map\/","url":"https:\/\/www.wema.fr\/en\/site-map\/","name":"Site map - WeMa, cabinet d\u2019expertise comptable","isPartOf":{"@id":"https:\/\/www.wema.fr\/en\/#website"},"datePublished":"2025-09-08T07:50:36+00:00","dateModified":"2026-02-02T14:52:39+00:00","breadcrumb":{"@id":"https:\/\/www.wema.fr\/en\/site-map\/#breadcrumb"},"inLanguage":"en-US","potentialAction":[{"@type":"ReadAction","target":["https:\/\/www.wema.fr\/en\/site-map\/"]}]},{"@type":"BreadcrumbList","@id":"https:\/\/www.wema.fr\/en\/site-map\/#breadcrumb","itemListElement":[{"@type":"ListItem","position":1,"name":"Home","item":"https:\/\/www.wema.fr\/en\/home\/"},{"@type":"ListItem","position":2,"name":"Site map"}]},{"@type":"WebSite","@id":"https:\/\/www.wema.fr\/en\/#website","url":"https:\/\/www.wema.fr\/en\/","name":"WeMa, cabinet d\u2019expertise comptable","description":"Entrepreneur spirit","potentialAction":[{"@type":"SearchAction","target":{"@type":"EntryPoint","urlTemplate":"https:\/\/www.wema.fr\/en\/?s={search_term_string}"},"query-input":{"@type":"PropertyValueSpecification","valueRequired":true,"valueName":"search_term_string"}}],"inLanguage":"en-US"}]}},"_links":{"self":[{"href":"https:\/\/www.wema.fr\/en\/wp-json\/wp\/v2\/pages\/1676","targetHints":{"allow":["GET"]}}],"collection":[{"href":"https:\/\/www.wema.fr\/en\/wp-json\/wp\/v2\/pages"}],"about":[{"href":"https:\/\/www.wema.fr\/en\/wp-json\/wp\/v2\/types\/page"}],"author":[{"embeddable":true,"href":"https:\/\/www.wema.fr\/en\/wp-json\/wp\/v2\/users\/1"}],"replies":[{"embeddable":true,"href":"https:\/\/www.wema.fr\/en\/wp-json\/wp\/v2\/comments?post=1676"}],"version-history":[{"count":1,"href":"https:\/\/www.wema.fr\/en\/wp-json\/wp\/v2\/pages\/1676\/revisions"}],"predecessor-version":[{"id":1926,"href":"https:\/\/www.wema.fr\/en\/wp-json\/wp\/v2\/pages\/1676\/revisions\/1926"}],"wp:attachment":[{"href":"https:\/\/www.wema.fr\/en\/wp-json\/wp\/v2\/media?parent=1676"}],"curies":[{"name":"wp","href":"https:\/\/api.w.org\/{rel}","templated":true}]}}